{"id":6829,"date":"2025-01-04T10:36:10","date_gmt":"2025-01-04T10:36:10","guid":{"rendered":"https:\/\/maxkarlin.com\/?page_id=6829"},"modified":"2025-02-08T21:27:21","modified_gmt":"2025-02-08T21:27:21","slug":"apmacibas-seminari-un-lekcijas","status":"publish","type":"page","link":"https:\/\/maxkarlin.com\/lv\/services\/apmacibas-seminari-un-lekcijas\/","title":{"rendered":"Apm\u0101c\u012bbas, semin\u0101ri un lekcijas"},"content":{"rendered":"\t\t<div data-elementor-type=\"wp-page\" data-elementor-id=\"6829\" class=\"elementor elementor-6829 elementor-4761\">\n\t\t\t\t\t\t<section class=\"elementor-section elementor-top-section elementor-element elementor-element-6f24578f elementor-section-boxed elementor-section-height-default elementor-section-height-default\" data-id=\"6f24578f\" data-element_type=\"section\" data-e-type=\"section\" data-settings=\"{&quot;background_background&quot;:&quot;classic&quot;}\">\n\t\t\t\t\t\t<div class=\"elementor-container elementor-column-gap-default\">\n\t\t\t\t\t<div class=\"elementor-column elementor-col-50 elementor-top-column elementor-element elementor-element-44af1d27 elementor-invisible\" data-id=\"44af1d27\" data-element_type=\"column\" data-e-type=\"column\" data-settings=\"{&quot;animation&quot;:&quot;fadeIn&quot;}\">\n\t\t\t<div class=\"elementor-widget-wrap elementor-element-populated\">\n\t\t\t\t\t\t<div class=\"elementor-element elementor-element-500ce304 elementor-widget elementor-widget-art-heading\" data-id=\"500ce304\" data-element_type=\"widget\" data-e-type=\"widget\" data-widget_type=\"art-heading.default\">\n\t\t\t\t<div class=\"elementor-widget-container\">\n\t\t\t\t\t\r\n        <p class=\"art-heading-text art-body-three-font\">mana prakse<\/p>\r\n        \t\t\t\t<\/div>\n\t\t\t\t<\/div>\n\t\t\t\t<div class=\"elementor-element elementor-element-27d9bf74 elementor-widget elementor-widget-art-heading\" data-id=\"27d9bf74\" data-element_type=\"widget\" data-e-type=\"widget\" data-widget_type=\"art-heading.default\">\n\t\t\t\t<div class=\"elementor-widget-container\">\n\t\t\t\t\t\r\n        <h2 class=\"art-heading-text art-h1\">Lekcijas, apm\u0101c\u012bbas un pieredzes darbn\u012bcas<\/h2>\r\n        \t\t\t\t<\/div>\n\t\t\t\t<\/div>\n\t\t\t\t<div class=\"elementor-element elementor-element-700fca3c elementor-widget elementor-widget-text-editor\" data-id=\"700fca3c\" data-element_type=\"widget\" data-e-type=\"widget\" data-widget_type=\"text-editor.default\">\n\t\t\t\t<div class=\"elementor-widget-container\">\n\t\t\t\t\t\t\t\t\t<p>Es pied\u0101v\u0101ju lekcijas, semin\u0101rus un praktiskas meistarklases, lai veicin\u0101tu izpratni, izaugsmi un sniegtu praktiskus r\u012bkus profesion\u0101lajai un person\u012bgajai att\u012bst\u012bbai.<\/p><p>\u0160\u012bs sesijas ir \u012bpa\u0161i izstr\u0101d\u0101tas profesion\u0101\u013ciem un organiz\u0101cij\u0101m, kas v\u0113las padzi\u013cin\u0101t saikni, atrast j\u0113gu un skaidr\u012bbu sav\u0101 darb\u0101 un ikdienas dz\u012bv\u0113.<\/p>\t\t\t\t\t\t\t\t<\/div>\n\t\t\t\t<\/div>\n\t\t\t\t\t<\/div>\n\t\t<\/div>\n\t\t\t\t<div class=\"elementor-column elementor-col-50 elementor-top-column elementor-element elementor-element-65d9fbdc elementor-invisible\" data-id=\"65d9fbdc\" data-element_type=\"column\" data-e-type=\"column\" data-settings=\"{&quot;animation&quot;:&quot;fadeIn&quot;}\">\n\t\t\t<div class=\"elementor-widget-wrap elementor-element-populated\">\n\t\t\t\t\t\t<div class=\"elementor-element elementor-element-786473df elementor-widget elementor-widget-image\" data-id=\"786473df\" data-element_type=\"widget\" data-e-type=\"widget\" data-widget_type=\"image.default\">\n\t\t\t\t<div class=\"elementor-widget-container\">\n\t\t\t\t\t\t\t\t\t\t\t\t\t\t\t<img fetchpriority=\"high\" decoding=\"async\" width=\"1024\" height=\"683\" src=\"https:\/\/maxkarlin.com\/wp-content\/uploads\/2025\/01\/max_lecturing-1024x683.jpg\" class=\"attachment-large size-large wp-image-4767\" alt=\"Max Karlin Lecturing\" srcset=\"https:\/\/maxkarlin.com\/wp-content\/uploads\/2025\/01\/max_lecturing-1024x683.jpg 1024w, https:\/\/maxkarlin.com\/wp-content\/uploads\/2025\/01\/max_lecturing-300x200.jpg 300w, https:\/\/maxkarlin.com\/wp-content\/uploads\/2025\/01\/max_lecturing-768x512.jpg 768w, https:\/\/maxkarlin.com\/wp-content\/uploads\/2025\/01\/max_lecturing-555x370.jpg 555w, https:\/\/maxkarlin.com\/wp-content\/uploads\/2025\/01\/max_lecturing-526x351.jpg 526w, https:\/\/maxkarlin.com\/wp-content\/uploads\/2025\/01\/max_lecturing-1025x683.jpg 1025w, https:\/\/maxkarlin.com\/wp-content\/uploads\/2025\/01\/max_lecturing-120x80.jpg 120w, https:\/\/maxkarlin.com\/wp-content\/uploads\/2025\/01\/max_lecturing.jpg 1125w\" sizes=\"(max-width: 1024px) 100vw, 1024px\" \/>\t\t\t\t\t\t\t\t\t\t\t\t\t\t\t<\/div>\n\t\t\t\t<\/div>\n\t\t\t\t\t<\/div>\n\t\t<\/div>\n\t\t\t\t\t<\/div>\n\t\t<\/section>\n\t\t<div class=\"elementor-element elementor-element-516d0cb3 e-flex e-con-boxed e-con e-parent\" data-id=\"516d0cb3\" data-element_type=\"container\" data-e-type=\"container\">\n\t\t\t\t\t<div class=\"e-con-inner\">\n\t\t\t\t<div class=\"elementor-element elementor-element-67385da8 elementor-widget elementor-widget-text-editor\" data-id=\"67385da8\" data-element_type=\"widget\" data-e-type=\"widget\" data-widget_type=\"text-editor.default\">\n\t\t\t\t<div class=\"elementor-widget-container\">\n\t\t\t\t\t\t\t\t\t<h4>Lekcijas un semin\u0101ri: Cilv\u0113cisk\u0101s pieredzes izpratne<\/h4><p>Es pied\u0101v\u0101ju iedvesmojo\u0161as un p\u0101rdomas rosino\u0161as lekcijas, kas skar dz\u012bves j\u0113gas, identit\u0101tes un notur\u012bbas jaut\u0101jumus psiholo\u0123isk\u0101 un <a href=\"https:\/\/maxkarlin.com\/lv\/kas-ir-eksistenciala-terapija\/\">eksistenci\u0101l\u0101 skat\u012bjum\u0101<\/a>.<\/p><p><strong>\u0160aj\u0101s lekcij\u0101s j\u016bs ieg\u016bsiet:<\/strong><br \/>\u2705 Jaunas perspekt\u012bvas, kas pal\u012bdz lab\u0101k izprast cilv\u0113ka pieredzes sare\u017e\u0123\u012bt\u012bbu<br \/>\u2705 Iedvesmu un refleksiju, kas veicina dzi\u013c\u0101ku pa\u0161izpratni<br \/>\u2705 Iesp\u0113ju papla\u0161in\u0101t savu redzesloku attiec\u012bb\u0101 uz eksistenci\u0101lajiem jaut\u0101jumiem<\/p><p>Semin\u0101ri pied\u0101v\u0101 interakt\u012bv\u0101ku un dinamisk\u0101ku vidi, kur dal\u012bbnieki var padzi\u013cin\u0101ti izzin\u0101t konkr\u0113tas t\u0113mas. Tajos apvienojas teor\u0113tiskais ieskats un grupu diskusijas, kas nodro\u0161ina akt\u012bvu iesaisti un domu apmai\u0146u.<\/p><h4>Meistarklases un apm\u0101c\u012bbas: Praktiskas prasmes re\u0101lajai dz\u012bvei<\/h4><p>Manas meistarklases ir pieredz\u0113 balst\u012btas un interakt\u012bvas, izmantojot praktiskus vingrin\u0101jumus un reflekt\u012bvu dialogu.<\/p><p><strong>\u0160o nodarb\u012bbu laik\u0101 dal\u012bbnieki ieg\u016bs:<\/strong><br \/>\u2705 Lab\u0101ku pa\u0161izpratni un izpratni par citiem<br \/>\u2705 Praktiskas strat\u0113\u0123ijas efekt\u012bvai komunik\u0101cijai un l\u0113mumu pie\u0146em\u0161anai<br \/>\u2705 Instrumentus sare\u017e\u0123\u012btu dz\u012bves situ\u0101ciju p\u0101rvar\u0113\u0161anai ar p\u0101rliec\u012bbu un autentiskumu<\/p><p>Piedaloties grupu aktivit\u0101t\u0113s un individu\u0101l\u0101 izp\u0113t\u0113, j\u016bs att\u012bst\u012bsiet dzi\u013c\u0101ku emocion\u0101lo inteli\u0123enci un sp\u0113ju lab\u0101k orient\u0113ties dz\u012bves un darba izaicin\u0101jumos.<\/p><h4>Eksistenci\u0101l\u0101s apm\u0101c\u012bbas vesel\u012bbas apr\u016bpes un atbalsta speci\u0101listiem<\/h4><p>Vai esat psihologs, psihoterapeits, soci\u0101lais darbinieks, \u0101rsts vai pedagogs, kur\u0161 izj\u016bt emocion\u0101lo slodzi darb\u0101 ar cilv\u0113kiem?<\/p><p>Manas apm\u0101c\u012bbas un meistarklases ir paredz\u0113tas profesion\u0101\u013ciem, kuri sniedz atbalstu citiem, vienlaikus v\u0113loties saglab\u0101t savu labb\u016bt\u012bbu un notur\u012bbu.<\/p><h5>\u0160aj\u0101s sesij\u0101s m\u0113s piev\u0113rs\u012bsimies jaut\u0101jumiem par:<\/h5><p>\u2705 Profesion\u0101l\u0101s j\u0113gas mekl\u0113jumiem \u2013 k\u0101 atrast dzi\u013c\u0101ku piepild\u012bjumu sav\u0101 darb\u0101<br \/>\u2705 Nenoteikt\u012bbu, ievainojam\u012bbu un emocion\u0101lo slodzi \u2013 k\u0101 ar to tikt gal\u0101 ilgtsp\u0113j\u012bg\u0101 veid\u0101<br \/>\u2705 Individu\u0101lit\u0101tes un sist\u0113misko pras\u012bbu l\u012bdzsvaro\u0161anu<\/p><p>Izmantojot eksistenci\u0101lo perspekt\u012bvu, j\u016bs izp\u0113t\u012bsiet j\u0113gas, identit\u0101tes un mirst\u012bbas t\u0113mas, ieg\u016bstot r\u012bkus, k\u0101 integr\u0113t \u0161\u012bs atzi\u0146as sav\u0101 praks\u0113.<\/p><h5>\u0160\u012bs meistarklases pal\u012bdz\u0113s jums:<\/h5><p>\u2714 Padzi\u013cin\u0101t izpratni par eksistenci\u0101lajiem jaut\u0101jumiem sav\u0101 darb\u0101<br \/>\u2714 Att\u012bst\u012bt liel\u0101ku pa\u0161apzi\u0146u un autentiskumu sav\u0101 profesion\u0101laj\u0101 pieej\u0101<br \/>\u2714 Pie\u0146emt un cien\u012bt individu\u0101lit\u0101ti un daudzveid\u012bbu<br \/>\u2714 P\u0101rformul\u0113t profesion\u0101los izaicin\u0101jumus, saska\u0146ojot tos ar sav\u0101m v\u0113rt\u012bb\u0101m un amb\u012bcij\u0101m<\/p><h4>K\u0101p\u0113c piedal\u012bties?<\/h4><p>\u0160ie kursi sniegs gan intelektu\u0101las, gan emocion\u0101las atzi\u0146as, kas main\u012bs j\u016bsu skat\u012bjumu uz darbu un dz\u012bvi.<\/p><p><strong>Eksistenci\u0101l\u0101 pieeja pal\u012bdz:<\/strong><br \/>\u2705 Veicin\u0101t notur\u012bbu stresa un p\u0101rmai\u0146u laik\u0101<br \/>\u2705 Att\u012bst\u012bt autentiskumu sav\u0101s attiec\u012bb\u0101s ar klientiem un kol\u0113\u0123iem<br \/>\u2705 Padzi\u013cin\u0101t izpratni par dz\u012bves un darba j\u0113gu<\/p><h4>Speriet pirmo soli<\/h4><p>Atrodiet dzi\u013c\u0101ku saikni ar savu darbu un dz\u012bvi.<\/p><p>Pievienojieties lekcijai, semin\u0101ram vai meistarklasei un s\u0101ciet ce\u013cojumu uz liel\u0101ku izpratni, j\u0113gu un ietekmi.<\/p>\t\t\t\t\t\t\t\t<\/div>\n\t\t\t\t<\/div>\n\t\t\t\t\t<\/div>\n\t\t\t\t<\/div>\n\t\t\t\t<section class=\"elementor-section elementor-top-section elementor-element elementor-element-474a4245 elementor-section-boxed elementor-section-height-default elementor-section-height-default\" data-id=\"474a4245\" data-element_type=\"section\" data-e-type=\"section\" data-settings=\"{&quot;background_background&quot;:&quot;classic&quot;}\">\n\t\t\t\t\t\t<div class=\"elementor-container elementor-column-gap-default\">\n\t\t\t\t\t<div class=\"elementor-column elementor-col-50 elementor-top-column elementor-element elementor-element-55ad5fef\" data-id=\"55ad5fef\" data-element_type=\"column\" data-e-type=\"column\">\n\t\t\t<div class=\"elementor-widget-wrap elementor-element-populated\">\n\t\t\t\t\t\t<div class=\"elementor-element elementor-element-157f7e4d elementor-widget__width-initial elementor-absolute elementor-hidden-tablet elementor-hidden-mobile elementor-widget elementor-widget-image\" data-id=\"157f7e4d\" data-element_type=\"widget\" data-e-type=\"widget\" data-settings=\"{&quot;_position&quot;:&quot;absolute&quot;}\" data-widget_type=\"image.default\">\n\t\t\t\t<div class=\"elementor-widget-container\">\n\t\t\t\t\t\t\t\t\t\t\t\t\t\t\t<img decoding=\"async\" width=\"454\" height=\"549\" src=\"https:\/\/maxkarlin.com\/wp-content\/uploads\/2025\/01\/max_karlin_no_bg.webp\" class=\"attachment-full size-full wp-image-6468\" alt=\"Max Karlin\" srcset=\"https:\/\/maxkarlin.com\/wp-content\/uploads\/2025\/01\/max_karlin_no_bg.webp 454w, https:\/\/maxkarlin.com\/wp-content\/uploads\/2025\/01\/max_karlin_no_bg-248x300.webp 248w\" sizes=\"(max-width: 454px) 100vw, 454px\" \/>\t\t\t\t\t\t\t\t\t\t\t\t\t\t\t<\/div>\n\t\t\t\t<\/div>\n\t\t\t\t\t<\/div>\n\t\t<\/div>\n\t\t\t\t<div class=\"elementor-column elementor-col-50 elementor-top-column elementor-element elementor-element-217871dc elementor-invisible\" data-id=\"217871dc\" data-element_type=\"column\" data-e-type=\"column\" data-settings=\"{&quot;animation&quot;:&quot;fadeIn&quot;}\">\n\t\t\t<div class=\"elementor-widget-wrap elementor-element-populated\">\n\t\t\t\t\t\t<div class=\"elementor-element elementor-element-6c1e3223 elementor-widget elementor-widget-art-heading\" data-id=\"6c1e3223\" data-element_type=\"widget\" data-e-type=\"widget\" data-widget_type=\"art-heading.default\">\n\t\t\t\t<div class=\"elementor-widget-container\">\n\t\t\t\t\t\r\n        <p class=\"art-heading-text art-body-three-font\">Sazinieties ar mani<\/p>\r\n        \t\t\t\t<\/div>\n\t\t\t\t<\/div>\n\t\t\t\t<div class=\"elementor-element elementor-element-ca916ee elementor-widget elementor-widget-art-heading\" data-id=\"ca916ee\" data-element_type=\"widget\" data-e-type=\"widget\" data-widget_type=\"art-heading.default\">\n\t\t\t\t<div class=\"elementor-widget-container\">\n\t\t\t\t\t\r\n        <h2 class=\"art-heading-text art-h1\">Iepaz\u012b\u0161an\u0101s saruna<\/h2>\r\n        \t\t\t\t<\/div>\n\t\t\t\t<\/div>\n\t\t\t\t<div class=\"elementor-element elementor-element-60ea8998 elementor-widget elementor-widget-text-editor\" data-id=\"60ea8998\" data-element_type=\"widget\" data-e-type=\"widget\" data-widget_type=\"text-editor.default\">\n\t\t\t\t<div class=\"elementor-widget-container\">\n\t\t\t\t\t\t\t\t\t<p>Es pied\u0101v\u0101ju bezmaksas 15\u201320 min\u016b\u0161u telefona vai tie\u0161saistes konsult\u0101ciju, lai j\u016bs var\u0113tu izv\u0113rt\u0113t, vai v\u0113laties sadarboties ar mani, un lai es lab\u0101k izprastu j\u016bsu iemeslus mekl\u0113t atbalstu un to, k\u0101 varu jums pal\u012bdz\u0113t. L\u016bdzu, sazinieties ar mani, lai vienotos par abpus\u0113ji piem\u0113rotu laiku \u0161ai s\u0101kotn\u0113jai tik\u0161an\u0101s reizei.<\/p><p>Pirmaj\u0101 sesij\u0101 iepaz\u012b\u0161os ar j\u016bsu situ\u0101ciju, un t\u0101 b\u016bs iesp\u0113ja jums saprast un sajust, vai j\u016btaties \u0113rti str\u0101d\u0101jot ar mani un manu pieeju.<\/p><p>M\u0113s apspried\u012bsim jaut\u0101jumus, kas j\u016bs atvedu\u0161i pie manis, un k\u0101 varam tos kop\u012bgi izzin\u0101t, k\u0101 ar\u012b manu konfidencialit\u0101tes politiku, honor\u0101rus, tik\u0161an\u0101s laikus un neiera\u0161an\u0101s k\u0101rt\u012bbu.<\/p>\t\t\t\t\t\t\t\t<\/div>\n\t\t\t\t<\/div>\n\t\t\t\t<div class=\"elementor-element elementor-element-6099e80d elementor-widget elementor-widget-art-theme-button\" data-id=\"6099e80d\" data-element_type=\"widget\" data-e-type=\"widget\" data-widget_type=\"art-theme-button.default\">\n\t\t\t\t<div class=\"elementor-widget-container\">\n\t\t\t\t\t<div class=\"art-button-widget\"><div class=\"art-button-widget__wrap\"><a class=\"art-button-primary\" href=\"https:\/\/calendly.com\/maxkarlin\/induction\" target=\"_blank\">Rezerv\u0113jiet sev piem\u0113rotu laiku \u0161eit<\/a><\/div><\/div>\t\t\t\t<\/div>\n\t\t\t\t<\/div>\n\t\t\t\t\t<\/div>\n\t\t<\/div>\n\t\t\t\t\t<\/div>\n\t\t<\/section>\n\t\t\t\t<section class=\"elementor-section elementor-top-section elementor-element elementor-element-41e8d72 elementor-section-full_width elementor-section-height-default elementor-section-height-default\" data-id=\"41e8d72\" data-element_type=\"section\" data-e-type=\"section\" data-settings=\"{&quot;background_background&quot;:&quot;classic&quot;}\">\n\t\t\t\t\t\t<div class=\"elementor-container elementor-column-gap-default\">\n\t\t\t\t\t<div class=\"elementor-column elementor-col-100 elementor-top-column elementor-element elementor-element-5a07804\" data-id=\"5a07804\" data-element_type=\"column\" data-e-type=\"column\">\n\t\t\t<div class=\"elementor-widget-wrap elementor-element-populated\">\n\t\t\t\t\t\t<div class=\"elementor-element elementor-element-fa314dc elementor-widget elementor-widget-art-heading\" data-id=\"fa314dc\" data-element_type=\"widget\" data-e-type=\"widget\" data-widget_type=\"art-heading.default\">\n\t\t\t\t<div class=\"elementor-widget-container\">\n\t\t\t\t\t\r\n        <p class=\"art-heading-text art-body-three-font\">Savienosimies<\/p>\r\n        \t\t\t\t<\/div>\n\t\t\t\t<\/div>\n\t\t\t\t<div class=\"elementor-element elementor-element-770e6fa elementor-widget elementor-widget-art-heading\" data-id=\"770e6fa\" data-element_type=\"widget\" data-e-type=\"widget\" data-widget_type=\"art-heading.default\">\n\t\t\t\t<div class=\"elementor-widget-container\">\n\t\t\t\t\t\r\n        <h2 class=\"art-heading-text art-h1\">Sazinieties ar mani<\/h2>\r\n        \t\t\t\t<\/div>\n\t\t\t\t<\/div>\n\t\t\t\t\t<\/div>\n\t\t<\/div>\n\t\t\t\t\t<\/div>\n\t\t<\/section>\n\t\t\t\t<section class=\"elementor-section elementor-top-section elementor-element elementor-element-29864f7 elementor-section-boxed elementor-section-height-default elementor-section-height-default\" data-id=\"29864f7\" data-element_type=\"section\" data-e-type=\"section\" data-settings=\"{&quot;background_background&quot;:&quot;classic&quot;}\">\n\t\t\t\t\t\t<div class=\"elementor-container elementor-column-gap-default\">\n\t\t\t\t\t<div class=\"elementor-column elementor-col-50 elementor-top-column elementor-element elementor-element-6a31436 elementor-invisible\" data-id=\"6a31436\" data-element_type=\"column\" data-e-type=\"column\" data-settings=\"{&quot;animation&quot;:&quot;fadeIn&quot;}\">\n\t\t\t<div class=\"elementor-widget-wrap elementor-element-populated\">\n\t\t\t\t\t\t<div class=\"elementor-element elementor-element-c4cca50 elementor-widget elementor-widget-text-editor\" data-id=\"c4cca50\" data-element_type=\"widget\" data-e-type=\"widget\" data-widget_type=\"text-editor.default\">\n\t\t\t\t<div class=\"elementor-widget-container\">\n\t\t\t\t\t\t\t\t\t<p>Lai pieteiktos konsult\u0101cijai vai uzdotu jaut\u0101jumu, dro\u0161i zvaniet, s\u016btiet <a href=\"https:\/\/wa.me\/37120482662\">WhatsApp<\/a> vai \u012bszi\u0146u uz <a href=\"https:\/\/wa.me\/37120482662\">+37120482662<\/a>, vai ar\u012b aizpildiet sazi\u0146as formu. Atbild\u0113\u0161u iesp\u0113jami \u0101tri.<\/p><p>Esmu priec\u012bgs uzklaus\u012bt j\u016bsu zvanu, ja vien neesmu sesij\u0101. Ja taj\u0101 br\u012bd\u012b neesmu pieejams, l\u016bdzu, atst\u0101jiet zi\u0146u, un es ar jums sazin\u0101\u0161os p\u0113c iesp\u0113jas dr\u012bz\u0101k, lai atbild\u0113tu uz j\u016bsu jaut\u0101jumiem.<\/p>\t\t\t\t\t\t\t\t<\/div>\n\t\t\t\t<\/div>\n\t\t\t\t\t<\/div>\n\t\t<\/div>\n\t\t\t\t<div class=\"elementor-column elementor-col-50 elementor-top-column elementor-element elementor-element-c8ea84c elementor-invisible\" data-id=\"c8ea84c\" data-element_type=\"column\" data-e-type=\"column\" data-settings=\"{&quot;animation&quot;:&quot;fadeIn&quot;}\">\n\t\t\t<div class=\"elementor-widget-wrap elementor-element-populated\">\n\t\t\t\t\t\t<div class=\"elementor-element elementor-element-53b872b elementor-widget elementor-widget-shortcode\" data-id=\"53b872b\" data-element_type=\"widget\" data-e-type=\"widget\" data-widget_type=\"shortcode.default\">\n\t\t\t\t<div class=\"elementor-widget-container\">\n\t\t\t\t\t\t\t<div class=\"elementor-shortcode\">\n<div class=\"wpcf7 no-js\" id=\"wpcf7-f6184-o1\" lang=\"en-US\" dir=\"ltr\" data-wpcf7-id=\"6184\">\n<div class=\"screen-reader-response\"><p role=\"status\" aria-live=\"polite\" aria-atomic=\"true\"><\/p> <ul><\/ul><\/div>\n<form action=\"\/lv\/wp-json\/wp\/v2\/pages\/6829#wpcf7-f6184-o1\" method=\"post\" class=\"wpcf7-form init\" aria-label=\"Contact form\" novalidate=\"novalidate\" data-status=\"init\">\n<fieldset class=\"hidden-fields-container\"><input type=\"hidden\" name=\"_wpcf7\" value=\"6184\" \/><input type=\"hidden\" name=\"_wpcf7_version\" value=\"6.1.2\" \/><input type=\"hidden\" name=\"_wpcf7_locale\" value=\"en_US\" \/><input type=\"hidden\" name=\"_wpcf7_unit_tag\" value=\"wpcf7-f6184-o1\" \/><input type=\"hidden\" name=\"_wpcf7_container_post\" value=\"0\" \/><input type=\"hidden\" name=\"_wpcf7_posted_data_hash\" value=\"\" \/>\n<\/fieldset>\n<div class=\"two-fields-row\">\n\t<div class=\"col-md-6\">\n\t\t<p><span class=\"wpcf7-form-control-wrap\" data-name=\"career-name\"><input size=\"40\" maxlength=\"400\" class=\"wpcf7-form-control wpcf7-text wpcf7-validates-as-required\" aria-required=\"true\" aria-invalid=\"false\" placeholder=\"V\u0101rds*\" value=\"\" type=\"text\" name=\"career-name\" \/><\/span>\n\t\t<\/p>\n\t<\/div>\n\t<div class=\"col-md-6\">\n\t\t<p><span class=\"wpcf7-form-control-wrap\" data-name=\"career-name\"><input size=\"40\" maxlength=\"400\" class=\"wpcf7-form-control wpcf7-text wpcf7-validates-as-required\" aria-required=\"true\" aria-invalid=\"false\" placeholder=\"Uzv\u0101rds*\" value=\"\" type=\"text\" name=\"career-name\" \/><\/span>\n\t\t<\/p>\n\t<\/div>\n<\/div>\n<div class=\"row\">\n\t<div class=\"col-12\">\n\t\t<p><span class=\"wpcf7-form-control-wrap\" data-name=\"career-email\"><input size=\"40\" maxlength=\"400\" class=\"wpcf7-form-control wpcf7-email wpcf7-validates-as-required wpcf7-text wpcf7-validates-as-email\" aria-required=\"true\" aria-invalid=\"false\" placeholder=\"Email*\" value=\"\" type=\"email\" name=\"career-email\" \/><\/span>\n\t\t<\/p>\n\t<\/div>\n<\/div>\n<p class=\"wpcf7-form-control-wrap\"><span class=\"wpcf7-form-control-wrap\" data-name=\"textarea-815\"><textarea cols=\"40\" rows=\"10\" maxlength=\"2000\" class=\"wpcf7-form-control wpcf7-textarea art-textarea-height\" aria-invalid=\"false\" placeholder=\"Zi\u0146ojums*\" name=\"textarea-815\"><\/textarea><\/span>\n<\/p>\n<div class=\"art-form-button-wrap art-form-button-right\">\n\t<p><input class=\"wpcf7-form-control wpcf7-submit has-spinner art-button-primary\" type=\"submit\" value=\"Nos\u016bt\u012bt\" \/>\n\t<\/p>\n<\/div><div class=\"wpcf7-response-output\" aria-hidden=\"true\"><\/div>\n<\/form>\n<\/div>\n<\/div>\n\t\t\t\t\t\t<\/div>\n\t\t\t\t<\/div>\n\t\t\t\t\t<\/div>\n\t\t<\/div>\n\t\t\t\t\t<\/div>\n\t\t<\/section>\n\t\t\t\t<\/div>\n\t\t","protected":false},"excerpt":{"rendered":"<p>Es pied\u0101v\u0101ju lekcijas, semin\u0101rus un praktiskas meistarklases, lai veicin\u0101tu izpratni, izaugsmi un sniegtu praktiskus r\u012bkus profesion\u0101lajai un person\u012bgajai att\u012bst\u012bbai. \u0160\u012bs sesijas ir \u012bpa\u0161i izstr\u0101d\u0101tas profesion\u0101\u013ciem un organiz\u0101cij\u0101m, kas v\u0113las padzi\u013cin\u0101t saikni, atrast j\u0113gu un skaidr\u012bbu sav\u0101 darb\u0101 un ikdienas dz\u012bv\u0113. Lekcijas un semin\u0101ri: Cilv\u0113cisk\u0101s pieredzes izpratne Es pied\u0101v\u0101ju iedvesmojo\u0161as un p\u0101rdomas rosino\u0161as lekcijas, kas skar&#8230;<\/p>\n","protected":false},"author":1,"featured_media":5923,"parent":6642,"menu_order":0,"comment_status":"closed","ping_status":"closed","template":"","meta":{"_acf_changed":false,"inline_featured_image":false,"_monsterinsights_skip_tracking":false,"_monsterinsights_sitenote_active":false,"_monsterinsights_sitenote_note":"","_monsterinsights_sitenote_category":0,"episode_type":"","audio_file":"","podmotor_file_id":"","podmotor_episode_id":"","cover_image":"","cover_image_id":"","duration":"","filesize":"","filesize_raw":"","date_recorded":"","explicit":"","block":"","itunes_episode_number":"","itunes_title":"","itunes_season_number":"","itunes_episode_type":"","footnotes":""},"tags":[688,758,742,757,751,658,661,498,710,668,738,760,739,747,382,754,686,709,628,759,753,736,755,749,748,687,744,740,752,741,750,743,746,737,684,745,756],"class_list":["post-6829","page","type-page","status-publish","has-post-thumbnail","hentry","tag-cik-maksa-psihoterapija","tag-darba-un-attiecibu-lidzsvara-attistiba","tag-darba-un-dzives-lidzsvara-meistarklases","tag-dzives-filozofijas-un-psihologijas-lekcijas","tag-dzives-parmainu-parvaresanas-kursi","tag-eksistenciala-fenomenologiska-pieeja-psihoterapijai","tag-eksistenciala-psihologija","tag-eksistenciala-psihoterapija","tag-eksistenciala-terapija-profesionaliem","tag-eksistenciala-terapija-un-psihodinamiska-pieeja","tag-eksistencialas-meistarklases","tag-eksistencialas-refleksijas-un-dzilaka-pasizpratne","tag-emocionalas-inteligences-attistisana","tag-emocionalo-prasmju-attistiba-profesionaliem","tag-gimenes-un-paru-psihoterapija","tag-grupu-terapija-un-interaktivi-seminari","tag-individuala-psihoterapija-50-min-klatiene-tiessaiste-e-40","tag-ka-atrast-jegu-sava-darba","tag-ka-atrast-labu-psihoterapeitu-riga","tag-ka-pienemt-svarigus-dzives-lemumus","tag-ka-uzlabot-pasapzinu-un-komunikaciju","tag-lekcijas-par-dzives-jegu-un-identitati","tag-lideribas-apmacibas-ar-eksistencialu-pieeju","tag-macibas-psihoterapeitiem-un-atbalsta-specialistiem","tag-mentala-veseliba-un-labbutiba-darba","tag-paru-psihoterapija-75-min-klatiene-tiessaiste-e-60","tag-pasapzinas-un-lideribas-attistiba","tag-pasizaugsmes-seminari","tag-personigas-attistibas-un-refleksijas-nodarbibas","tag-praktiskas-psihologijas-kursi","tag-profesionalais-koucings-un-mentoringa-apmacibas","tag-profesionalas-izaugsmes-lekcijas","tag-psihologiska-noturiba-un-stresa-parvaresana","tag-psihologiskie-seminari-riga","tag-psihoterapija-un-paru-terapija-riga","tag-reflektivas-sarunas-un-personiga-izaugsme","tag-stresa-un-izdegsanas-noversana-profesionalaja-vide"],"acf":[],"aioseo_notices":[],"_links":{"self":[{"href":"https:\/\/maxkarlin.com\/lv\/wp-json\/wp\/v2\/pages\/6829","targetHints":{"allow":["GET"]}}],"collection":[{"href":"https:\/\/maxkarlin.com\/lv\/wp-json\/wp\/v2\/pages"}],"about":[{"href":"https:\/\/maxkarlin.com\/lv\/wp-json\/wp\/v2\/types\/page"}],"author":[{"embeddable":true,"href":"https:\/\/maxkarlin.com\/lv\/wp-json\/wp\/v2\/users\/1"}],"replies":[{"embeddable":true,"href":"https:\/\/maxkarlin.com\/lv\/wp-json\/wp\/v2\/comments?post=6829"}],"version-history":[{"count":5,"href":"https:\/\/maxkarlin.com\/lv\/wp-json\/wp\/v2\/pages\/6829\/revisions"}],"predecessor-version":[{"id":6850,"href":"https:\/\/maxkarlin.com\/lv\/wp-json\/wp\/v2\/pages\/6829\/revisions\/6850"}],"up":[{"embeddable":true,"href":"https:\/\/maxkarlin.com\/lv\/wp-json\/wp\/v2\/pages\/6642"}],"wp:featuredmedia":[{"embeddable":true,"href":"https:\/\/maxkarlin.com\/lv\/wp-json\/wp\/v2\/media\/5923"}],"wp:attachment":[{"href":"https:\/\/maxkarlin.com\/lv\/wp-json\/wp\/v2\/media?parent=6829"}],"wp:term":[{"taxonomy":"post_tag","embeddable":true,"href":"https:\/\/maxkarlin.com\/lv\/wp-json\/wp\/v2\/tags?post=6829"}],"curies":[{"name":"wp","href":"https:\/\/api.w.org\/{rel}","templated":true}]}}