{"id":6772,"date":"2024-12-26T21:42:00","date_gmt":"2024-12-26T21:42:00","guid":{"rendered":"https:\/\/maxkarlin.com\/?page_id=6772"},"modified":"2025-02-08T20:27:13","modified_gmt":"2025-02-08T20:27:13","slug":"individuala-konsultesana","status":"publish","type":"page","link":"https:\/\/maxkarlin.com\/lv\/services\/individuala-konsultesana\/","title":{"rendered":"Individu\u0101l\u0101 konsult\u0113\u0161ana"},"content":{"rendered":"\t\t<div data-elementor-type=\"wp-page\" data-elementor-id=\"6772\" class=\"elementor elementor-6772 elementor-4642\">\n\t\t\t\t\t\t<section class=\"elementor-section elementor-top-section elementor-element elementor-element-3d8d1d28 elementor-section-boxed elementor-section-height-default elementor-section-height-default\" data-id=\"3d8d1d28\" data-element_type=\"section\" data-settings=\"{&quot;background_background&quot;:&quot;classic&quot;}\">\n\t\t\t\t\t\t<div class=\"elementor-container elementor-column-gap-default\">\n\t\t\t\t\t<div class=\"elementor-column elementor-col-50 elementor-top-column elementor-element elementor-element-d16c6d2 elementor-invisible\" data-id=\"d16c6d2\" data-element_type=\"column\" data-settings=\"{&quot;animation&quot;:&quot;fadeIn&quot;}\">\n\t\t\t<div class=\"elementor-widget-wrap elementor-element-populated\">\n\t\t\t\t\t\t<div class=\"elementor-element elementor-element-18dd2c2 elementor-widget elementor-widget-art-heading\" data-id=\"18dd2c2\" data-element_type=\"widget\" data-widget_type=\"art-heading.default\">\n\t\t\t\t<div class=\"elementor-widget-container\">\n\t\t\t\t\t\r\n        <p class=\"art-heading-text art-body-three-font\">mana prakse<\/p>\r\n        \t\t\t\t<\/div>\n\t\t\t\t<\/div>\n\t\t\t\t<div class=\"elementor-element elementor-element-2bb1f1c elementor-widget elementor-widget-art-heading\" data-id=\"2bb1f1c\" data-element_type=\"widget\" data-widget_type=\"art-heading.default\">\n\t\t\t\t<div class=\"elementor-widget-container\">\n\t\t\t\t\t\r\n        <h2 class=\"art-heading-text art-h1\">Individu\u0101l\u0101 terapija un konsult\u0113\u0161ana<\/h2>\r\n        \t\t\t\t<\/div>\n\t\t\t\t<\/div>\n\t\t\t\t<div class=\"elementor-element elementor-element-feec219 elementor-widget elementor-widget-text-editor\" data-id=\"feec219\" data-element_type=\"widget\" data-widget_type=\"text-editor.default\">\n\t\t\t\t<div class=\"elementor-widget-container\">\n\t\t\t\t\t\t\t\t\t<p>Es str\u0101d\u0101ju ar jaut\u0101jumiem un izaicin\u0101jumiem, kas rodas noz\u012bm\u012bgu dz\u012bves notikumu un p\u0101rmai\u0146u rezult\u0101t\u0101. Tie ietver t\u0101dus jaut\u0101jumus k\u0101 j\u0113gas zaud\u0113\u0161ana, trauksme, stress, depresija, dusmas, attiec\u012bbu gr\u016bt\u012bbas un pa\u0161cie\u0146as un pa\u0161v\u0113rt\u0113juma probl\u0113mas. Es pal\u012bdzu klientiem risin\u0101t sare\u017e\u0123\u012btas \u0123imenes attiec\u012bbas, partnerattiec\u012bbu gr\u016bt\u012bbas un attiec\u012bbu izjuk\u0161anu, person\u012bg\u0101s gr\u016bt\u012bbas atrast \u201cstabil\u0101ku\u201d dz\u012bvi, k\u0101 ar\u012b konfliktus un trauksmi, kas pavada \u0161\u012bs probl\u0113mas.<\/p><p>M\u016bsu sesiju laik\u0101 es pied\u0101v\u0101ju dro\u0161u un priv\u0101tu vietu, kur j\u016bs varat paust izaicino\u0161as domas un emocijas, neb\u016bdami nosod\u012bti. Dro\u0161i izgaismojot \u0161os iek\u0161\u0113jos p\u0101rdz\u012bvojumus, m\u0113s str\u0101d\u0101sim pie t\u0101, lai mazin\u0101tu spriedzi un noskaidrotu, kas jums patie\u0161\u0101m ir svar\u012bgi.<\/p><p>Es str\u0101d\u0101ju saska\u0146\u0101 ar <a href=\"https:\/\/www.psychotherapy.org.uk\/ukcp-members\/standards-guidance-and-policies\/#ethics\" target=\"_blank\" rel=\"noopener\">UKCP \u0112tikas kodeksu<\/a> un pieredz\u0113ju\u0161u kol\u0113\u0123u uzraudz\u012bb\u0101.<\/p>\t\t\t\t\t\t\t\t<\/div>\n\t\t\t\t<\/div>\n\t\t\t\t\t<\/div>\n\t\t<\/div>\n\t\t\t\t<div class=\"elementor-column elementor-col-50 elementor-top-column elementor-element elementor-element-5430a363 elementor-invisible\" data-id=\"5430a363\" data-element_type=\"column\" data-settings=\"{&quot;animation&quot;:&quot;fadeIn&quot;}\">\n\t\t\t<div class=\"elementor-widget-wrap elementor-element-populated\">\n\t\t\t\t\t\t<div class=\"elementor-element elementor-element-07b418d elementor-widget elementor-widget-image\" data-id=\"07b418d\" data-element_type=\"widget\" data-widget_type=\"image.default\">\n\t\t\t\t<div class=\"elementor-widget-container\">\n\t\t\t\t\t\t\t\t\t\t\t\t\t\t\t<img fetchpriority=\"high\" decoding=\"async\" width=\"1000\" height=\"818\" src=\"https:\/\/maxkarlin.com\/wp-content\/uploads\/2025\/01\/max_karlin_1.jpg\" class=\"attachment-large size-large wp-image-4733\" alt=\"Max Karlin\" srcset=\"https:\/\/maxkarlin.com\/wp-content\/uploads\/2025\/01\/max_karlin_1.jpg 1000w, https:\/\/maxkarlin.com\/wp-content\/uploads\/2025\/01\/max_karlin_1-300x245.jpg 300w, https:\/\/maxkarlin.com\/wp-content\/uploads\/2025\/01\/max_karlin_1-768x628.jpg 768w, https:\/\/maxkarlin.com\/wp-content\/uploads\/2025\/01\/max_karlin_1-555x454.jpg 555w, https:\/\/maxkarlin.com\/wp-content\/uploads\/2025\/01\/max_karlin_1-526x430.jpg 526w, https:\/\/maxkarlin.com\/wp-content\/uploads\/2025\/01\/max_karlin_1-120x98.jpg 120w\" sizes=\"(max-width: 1000px) 100vw, 1000px\" \/>\t\t\t\t\t\t\t\t\t\t\t\t\t\t\t<\/div>\n\t\t\t\t<\/div>\n\t\t\t\t\t<\/div>\n\t\t<\/div>\n\t\t\t\t\t<\/div>\n\t\t<\/section>\n\t\t\t\t<section class=\"elementor-section elementor-top-section elementor-element elementor-element-ecca23d elementor-section-boxed elementor-section-height-default elementor-section-height-default\" data-id=\"ecca23d\" data-element_type=\"section\" data-settings=\"{&quot;background_background&quot;:&quot;classic&quot;}\">\n\t\t\t\t\t\t\t<div class=\"elementor-background-overlay\"><\/div>\n\t\t\t\t\t\t\t<div class=\"elementor-container elementor-column-gap-default\">\n\t\t\t\t\t<div class=\"elementor-column elementor-col-100 elementor-top-column elementor-element elementor-element-6ba711f2 elementor-invisible\" data-id=\"6ba711f2\" data-element_type=\"column\" data-settings=\"{&quot;animation&quot;:&quot;fadeIn&quot;}\">\n\t\t\t<div class=\"elementor-widget-wrap elementor-element-populated\">\n\t\t\t\t\t\t<div class=\"elementor-element elementor-element-4ec854bd elementor-widget elementor-widget-art-heading\" data-id=\"4ec854bd\" data-element_type=\"widget\" data-widget_type=\"art-heading.default\">\n\t\t\t\t<div class=\"elementor-widget-container\">\n\t\t\t\t\t\r\n        <h5 class=\"art-heading-text art-h5\">T\u0113mas un jaut\u0101jumi, ar kuriem parasti str\u0101d\u0101ju:<\/h5>\r\n        \t\t\t\t<\/div>\n\t\t\t\t<\/div>\n\t\t\t\t<div class=\"elementor-element elementor-element-7ef3a339 elementor-widget elementor-widget-text-editor\" data-id=\"7ef3a339\" data-element_type=\"widget\" data-widget_type=\"text-editor.default\">\n\t\t\t\t<div class=\"elementor-widget-container\">\n\t\t\t\t\t\t\t\t\t<ul><li><a href=\"https:\/\/maxkarlin.com\/lv\/alkohola-atkariba-ka-izvairisanas-strategija-eksistencialas-terapijas-skatijums\/\">Atkar\u012bbas<\/a><\/li><li>Dusmu p\u0101rvald\u012bba<\/li><li>Trauksme<\/li><li>B\u0113das un skumjas<\/li><li>Iebied\u0113\u0161ana un emocion\u0101l\u0101 vardarb\u012bba<\/li><li>Karjeras konsult\u0101cijas<\/li><li>Kr\u0101p\u0161ana un nodev\u012bba<\/li><li>Depresija<\/li><li>\u0160\u0137ir\u0161an\u0101s un seper\u0101cijas<\/li><li>\u0112\u0161anas trauc\u0113jumi<\/li><li>Dz\u012bves m\u0113r\u0137is un j\u0113ga<\/li><li>Zems pa\u0161v\u0113rt\u0113jums<\/li><li>Panikas l\u0113kmes<\/li><li>Probl\u0113mas darb\u0101<\/li><li>Attiec\u012bbu konsult\u0101cijas<\/li><li>Seksualit\u0101tes un identit\u0101tes jaut\u0101jumi<\/li><li>Stress<\/li><\/ul>\t\t\t\t\t\t\t\t<\/div>\n\t\t\t\t<\/div>\n\t\t\t\t\t<\/div>\n\t\t<\/div>\n\t\t\t\t\t<\/div>\n\t\t<\/section>\n\t\t<div class=\"elementor-element elementor-element-23a2dcf e-flex e-con-boxed e-con e-parent\" data-id=\"23a2dcf\" data-element_type=\"container\">\n\t\t\t\t\t<div class=\"e-con-inner\">\n\t\t\t\t<div class=\"elementor-element elementor-element-d63e971 elementor-widget elementor-widget-text-editor\" data-id=\"d63e971\" data-element_type=\"widget\" data-widget_type=\"text-editor.default\">\n\t\t\t\t<div class=\"elementor-widget-container\">\n\t\t\t\t\t\t\t\t\t<h4>Eksistenci\u0101l\u0101 psihoterapija<\/h4><p>Izmantojot <a href=\"https:\/\/maxkarlin.com\/lv\/kas-ir-eksistenciala-terapija\/\">eksistenci\u0101lo pieeju<\/a>, galven\u0101 uzman\u012bba tiek piev\u0113rsta j\u016bsu person\u012bg\u0101s situ\u0101cijas izpratnei un tam, lai atkl\u0101tu sev\u012b, ko j\u016bs patiesi v\u0113laties, lai virz\u012btos uz priek\u0161u. T\u0101 viet\u0101, lai apz\u012bm\u0113tu, diagnostic\u0113tu vai kategoriz\u0113tu, t\u0101 ir v\u0113rsta uz to, lai padzi\u013cin\u0101tu j\u016bsu pa\u0161apzi\u0146u un atv\u0113rtu ce\u013cus, kas ir patiesi un dz\u012bvi &#8211; jo \u012bpa\u0161i, ja j\u016bsu dz\u012bve pa\u0161laik \u0161\u0137iet iestr\u0113gusi vai bez skaidra virziena.<\/p><h4>Depresija<\/h4><p>Lai virz\u012btos uz t\u0101du dz\u012bvi un sevi, k\u0101du v\u0113laties, ir \u013coti svar\u012bgi atpaz\u012bt un cien\u012bt savus dzi\u013c\u0101kos noska\u0146ojumus un saj\u016btas. Noska\u0146ojoties uz to, k\u0101 j\u016bs izj\u016btat pasauli &#8211; k\u0101 t\u0101 jau ir un k\u0101 tai vajadz\u0113tu b\u016bt cit\u0101dai -, j\u016bs s\u0101kat saprast konfliktus, kas liek jums justies slikti. \u0160\u012b izpratne var k\u013c\u016bt par s\u0101kumpunktu j\u0113gpiln\u0101m p\u0101rmai\u0146\u0101m.<\/p><h4>Atkar\u012bba<\/h4><p>Saskaroties ar atkar\u012bbu, j\u0101s\u0101k ar atz\u012b\u0161anu, ka kaut kas \u0161\u0137iet nekontrol\u0113jams. Sniegt pal\u012bdz\u012bbu ir svar\u012bgs un drosm\u012bgs solis. Sadarb\u012bba individu\u0101l\u0101 terapij\u0101 &#8211; iesp\u0113jams, kop\u0101 ar citiem atbalsta resursiem &#8211; var pal\u012bdz\u0113t atjaunot j\u016bsu r\u012bc\u012bbas sp\u0113ju un virz\u012bt j\u016bs uz vesel\u012bg\u0101ku dz\u012bvesveidu.<\/p><p>Attiec\u012bbu konsult\u0101cijas<br \/>Str\u0101d\u0101jot ar p\u0101riem, mana priorit\u0101te ir rad\u012bt telpu, kur\u0101 abi partneri var g\u016bt skaidr\u0101ku priek\u0161statu par savu kop\u012bgo dinamiku. Veicinot god\u012bg\u0101ku un efekt\u012bv\u0101ku sazi\u0146u, m\u0113s varam atkl\u0101t dzi\u013c\u0101kos mode\u013cus, kas veido j\u016bsu attiec\u012bbas, \u013caujot abiem izlemt par lab\u0101ko turpm\u0101ko r\u012bc\u012bbu ar liel\u0101ku izpratni un savstarp\u0113ju sapratni.<\/p><h4>Stress<\/h4><p>Stresa p\u0101rvar\u0113\u0161ana s\u0101kas ar apzin\u0101\u0161anos, ko j\u016bsu apst\u0101k\u013cos var un ko nevar main\u012bt. \u0160\u012b skaidr\u012bba ir pamats tam, lai dz\u012bves spiedienu var\u0113tu p\u0101rvar\u0113t l\u012bdzsvarot\u0101k un viegl\u0101k.<\/p><h4>Trauksme<\/h4><p>Trauksmei nav j\u0101b\u016bt tikai slogam &#8211; t\u0101 var liecin\u0101t par to, kas jums ir svar\u012bgs un kur v\u0113laties doties. T\u0101 viet\u0101, lai to p\u0101r\u0146emtu, m\u0113s cent\u012bsimies to izprast un virz\u012bt t\u0101, lai t\u0101 atdz\u012bvin\u0101tu j\u016bsu pieredzi un atbalst\u012btu j\u016bsu izaugsmi.<\/p><h4>Dusmu uzpl\u016bdi<\/h4><p>T\u0101pat k\u0101 visas emocijas, ar\u012b dusmas nor\u0101da uz to, kas jums ir svar\u012bgs. Iem\u0101c\u012b\u0161an\u0101s ar t\u0101m p\u0101rdom\u0101ti sadarboties, nevis t\u0101s izstumt vai \u013caut t\u0101m p\u0101r\u0146emt varu, pal\u012bdz jums atpaz\u012bt un apstiprin\u0101t to, kas patiesi ir svar\u012bgi, &#8211; bez iestr\u0113g\u0161anas mode\u013cos, kas kait\u0113 jums vai citiem.<\/p>\t\t\t\t\t\t\t\t<\/div>\n\t\t\t\t<\/div>\n\t\t\t\t\t<\/div>\n\t\t\t\t<\/div>\n\t\t\t\t<section class=\"elementor-section elementor-top-section elementor-element elementor-element-6c9b779f elementor-section-boxed elementor-section-height-default elementor-section-height-default\" data-id=\"6c9b779f\" data-element_type=\"section\" data-settings=\"{&quot;background_background&quot;:&quot;classic&quot;}\">\n\t\t\t\t\t\t<div class=\"elementor-container elementor-column-gap-default\">\n\t\t\t\t\t<div class=\"elementor-column elementor-col-50 elementor-top-column elementor-element elementor-element-3180d929\" data-id=\"3180d929\" data-element_type=\"column\">\n\t\t\t<div class=\"elementor-widget-wrap elementor-element-populated\">\n\t\t\t\t\t\t<div class=\"elementor-element elementor-element-47f08082 elementor-widget__width-initial elementor-absolute elementor-hidden-tablet elementor-hidden-mobile elementor-widget elementor-widget-image\" data-id=\"47f08082\" data-element_type=\"widget\" data-settings=\"{&quot;_position&quot;:&quot;absolute&quot;}\" data-widget_type=\"image.default\">\n\t\t\t\t<div class=\"elementor-widget-container\">\n\t\t\t\t\t\t\t\t\t\t\t\t\t\t\t<img decoding=\"async\" width=\"454\" height=\"549\" src=\"https:\/\/maxkarlin.com\/wp-content\/uploads\/2025\/01\/max_karlin_no_bg.webp\" class=\"attachment-full size-full wp-image-6468\" alt=\"Max Karlin\" srcset=\"https:\/\/maxkarlin.com\/wp-content\/uploads\/2025\/01\/max_karlin_no_bg.webp 454w, https:\/\/maxkarlin.com\/wp-content\/uploads\/2025\/01\/max_karlin_no_bg-248x300.webp 248w\" sizes=\"(max-width: 454px) 100vw, 454px\" \/>\t\t\t\t\t\t\t\t\t\t\t\t\t\t\t<\/div>\n\t\t\t\t<\/div>\n\t\t\t\t\t<\/div>\n\t\t<\/div>\n\t\t\t\t<div class=\"elementor-column elementor-col-50 elementor-top-column elementor-element elementor-element-59d4321f elementor-invisible\" data-id=\"59d4321f\" data-element_type=\"column\" data-settings=\"{&quot;animation&quot;:&quot;fadeIn&quot;}\">\n\t\t\t<div class=\"elementor-widget-wrap elementor-element-populated\">\n\t\t\t\t\t\t<div class=\"elementor-element elementor-element-626fb4c8 elementor-widget elementor-widget-art-heading\" data-id=\"626fb4c8\" data-element_type=\"widget\" data-widget_type=\"art-heading.default\">\n\t\t\t\t<div class=\"elementor-widget-container\">\n\t\t\t\t\t\r\n        <p class=\"art-heading-text art-body-three-font\">Sazinieties ar mani<\/p>\r\n        \t\t\t\t<\/div>\n\t\t\t\t<\/div>\n\t\t\t\t<div class=\"elementor-element elementor-element-572f6350 elementor-widget elementor-widget-art-heading\" data-id=\"572f6350\" data-element_type=\"widget\" data-widget_type=\"art-heading.default\">\n\t\t\t\t<div class=\"elementor-widget-container\">\n\t\t\t\t\t\r\n        <h2 class=\"art-heading-text art-h1\">Ievada sesija<\/h2>\r\n        \t\t\t\t<\/div>\n\t\t\t\t<\/div>\n\t\t\t\t<div class=\"elementor-element elementor-element-5b1a3ba2 elementor-widget elementor-widget-text-editor\" data-id=\"5b1a3ba2\" data-element_type=\"widget\" data-widget_type=\"text-editor.default\">\n\t\t\t\t<div class=\"elementor-widget-container\">\n\t\t\t\t\t\t\t\t\t<p>Es pied\u0101v\u0101ju bezmaksas 15-20 min\u016b\u0161u ilgu konsult\u0101ciju pa t\u0101lruni vai tie\u0161saist\u0113, lai j\u016bs var\u0113tu saprast, vai v\u0113laties ar mani sadarboties, un lai es var\u0113tu lab\u0101k izprast, k\u0101p\u0113c j\u016bs mekl\u0113jat pal\u012bdz\u012bbu un k\u0101 es varu jums pal\u012bdz\u0113t. L\u016bdzu, sazinieties ar mani, lai norun\u0101tu abpus\u0113ji piem\u0113rotu laiku \u0161ai pirmajai tik\u0161an\u0101s reizei.<\/p><p>M\u016bsu pirm\u0101s sesijas laik\u0101 es iepaz\u012b\u0161os ar j\u016bsu situ\u0101ciju, un t\u0101 b\u016bs iesp\u0113ja jums saprast un izjust, vai jums ir \u0113rti str\u0101d\u0101t ar mani un manu pieeju.<\/p><p>M\u0113s p\u0101rrun\u0101sim jaut\u0101jumus, kas j\u016bs pie manis atvedu\u0161i, un to, k\u0101 m\u0113s tos varam kop\u0101 izp\u0113t\u012bt, k\u0101 ar\u012b manu konfidencialit\u0101tes politiku, maksu, tik\u0161an\u0101s laikus un promb\u016btni.<\/p>\t\t\t\t\t\t\t\t<\/div>\n\t\t\t\t<\/div>\n\t\t\t\t<div class=\"elementor-element elementor-element-2c35a9ba elementor-widget elementor-widget-art-theme-button\" data-id=\"2c35a9ba\" data-element_type=\"widget\" data-widget_type=\"art-theme-button.default\">\n\t\t\t\t<div class=\"elementor-widget-container\">\n\t\t\t\t\t<div class=\"art-button-widget\"><div class=\"art-button-widget__wrap\"><a class=\"art-button-primary\" href=\"https:\/\/calendly.com\/maxkarlin\/induction\" target=\"_blank\">Rezerv\u0113jiet piem\u0113rotu laiku \u0161eit<\/a><\/div><\/div>\t\t\t\t<\/div>\n\t\t\t\t<\/div>\n\t\t\t\t\t<\/div>\n\t\t<\/div>\n\t\t\t\t\t<\/div>\n\t\t<\/section>\n\t\t\t\t<section class=\"elementor-section elementor-top-section elementor-element elementor-element-141a1f8 elementor-section-full_width elementor-section-height-default elementor-section-height-default\" data-id=\"141a1f8\" data-element_type=\"section\" data-settings=\"{&quot;background_background&quot;:&quot;classic&quot;}\">\n\t\t\t\t\t\t<div class=\"elementor-container elementor-column-gap-default\">\n\t\t\t\t\t<div class=\"elementor-column elementor-col-100 elementor-top-column elementor-element elementor-element-e617e30\" data-id=\"e617e30\" data-element_type=\"column\">\n\t\t\t<div class=\"elementor-widget-wrap elementor-element-populated\">\n\t\t\t\t\t\t<div class=\"elementor-element elementor-element-bd0d749 elementor-widget elementor-widget-art-heading\" data-id=\"bd0d749\" data-element_type=\"widget\" data-widget_type=\"art-heading.default\">\n\t\t\t\t<div class=\"elementor-widget-container\">\n\t\t\t\t\t\r\n        <p class=\"art-heading-text art-body-three-font\">Savienosimies<\/p>\r\n        \t\t\t\t<\/div>\n\t\t\t\t<\/div>\n\t\t\t\t<div class=\"elementor-element elementor-element-7ad8884 elementor-widget elementor-widget-art-heading\" data-id=\"7ad8884\" data-element_type=\"widget\" data-widget_type=\"art-heading.default\">\n\t\t\t\t<div class=\"elementor-widget-container\">\n\t\t\t\t\t\r\n        <h2 class=\"art-heading-text art-h1\">Sazinieties ar mani<\/h2>\r\n        \t\t\t\t<\/div>\n\t\t\t\t<\/div>\n\t\t\t\t\t<\/div>\n\t\t<\/div>\n\t\t\t\t\t<\/div>\n\t\t<\/section>\n\t\t\t\t<section class=\"elementor-section elementor-top-section elementor-element elementor-element-f1bf719 elementor-section-boxed elementor-section-height-default elementor-section-height-default\" data-id=\"f1bf719\" data-element_type=\"section\" data-settings=\"{&quot;background_background&quot;:&quot;classic&quot;}\">\n\t\t\t\t\t\t<div class=\"elementor-container elementor-column-gap-default\">\n\t\t\t\t\t<div class=\"elementor-column elementor-col-50 elementor-top-column elementor-element elementor-element-8263286 elementor-invisible\" data-id=\"8263286\" data-element_type=\"column\" data-settings=\"{&quot;animation&quot;:&quot;fadeIn&quot;}\">\n\t\t\t<div class=\"elementor-widget-wrap elementor-element-populated\">\n\t\t\t\t\t\t<div class=\"elementor-element elementor-element-cc052f7 elementor-widget elementor-widget-text-editor\" data-id=\"cc052f7\" data-element_type=\"widget\" data-widget_type=\"text-editor.default\">\n\t\t\t\t<div class=\"elementor-widget-container\">\n\t\t\t\t\t\t\t\t\t<p>Lai pierakst\u012btos uz sesiju vai uzdotu jaut\u0101jumu, zvaniet, s\u016btiet WhatsApp vai \u012bszi\u0146u uz <a href=\"https:\/\/wa.me\/37120482662\">20482662<\/a> vai aizpildiet kontaktformu. Es atbild\u0113\u0161u p\u0113c iesp\u0113jas \u0101tr\u0101k.<\/p><p>Es labpr\u0101t pie\u0146em\u0161u j\u016bsu zvanu, ja vien neesmu sesij\u0101. Ja neesmu pieejams, l\u016bdzu, atst\u0101jiet zi\u0146u, un es p\u0113c iesp\u0113jas \u0101tr\u0101k ar jums sazin\u0101simies, lai atbild\u0113tu uz visiem jaut\u0101jumiem.<\/p>\t\t\t\t\t\t\t\t<\/div>\n\t\t\t\t<\/div>\n\t\t\t\t\t<\/div>\n\t\t<\/div>\n\t\t\t\t<div class=\"elementor-column elementor-col-50 elementor-top-column elementor-element elementor-element-184e8aa elementor-invisible\" data-id=\"184e8aa\" data-element_type=\"column\" data-settings=\"{&quot;animation&quot;:&quot;fadeIn&quot;}\">\n\t\t\t<div class=\"elementor-widget-wrap elementor-element-populated\">\n\t\t\t\t\t\t<div class=\"elementor-element elementor-element-7e0cc75 elementor-widget elementor-widget-shortcode\" data-id=\"7e0cc75\" data-element_type=\"widget\" data-widget_type=\"shortcode.default\">\n\t\t\t\t<div class=\"elementor-widget-container\">\n\t\t\t\t\t\t\t<div class=\"elementor-shortcode\">\n<div class=\"wpcf7 no-js\" id=\"wpcf7-f6184-o1\" lang=\"en-US\" dir=\"ltr\" data-wpcf7-id=\"6184\">\n<div class=\"screen-reader-response\"><p role=\"status\" aria-live=\"polite\" aria-atomic=\"true\"><\/p> <ul><\/ul><\/div>\n<form action=\"\/lv\/wp-json\/wp\/v2\/pages\/6772#wpcf7-f6184-o1\" method=\"post\" class=\"wpcf7-form init\" aria-label=\"Contact form\" novalidate=\"novalidate\" data-status=\"init\">\n<fieldset class=\"hidden-fields-container\"><input type=\"hidden\" name=\"_wpcf7\" value=\"6184\" \/><input type=\"hidden\" name=\"_wpcf7_version\" value=\"6.1.2\" \/><input type=\"hidden\" name=\"_wpcf7_locale\" value=\"en_US\" \/><input type=\"hidden\" name=\"_wpcf7_unit_tag\" value=\"wpcf7-f6184-o1\" \/><input type=\"hidden\" name=\"_wpcf7_container_post\" value=\"0\" \/><input type=\"hidden\" name=\"_wpcf7_posted_data_hash\" value=\"\" \/>\n<\/fieldset>\n<div class=\"two-fields-row\">\n\t<div class=\"col-md-6\">\n\t\t<p><span class=\"wpcf7-form-control-wrap\" data-name=\"career-name\"><input size=\"40\" maxlength=\"400\" class=\"wpcf7-form-control wpcf7-text wpcf7-validates-as-required\" aria-required=\"true\" aria-invalid=\"false\" placeholder=\"V\u0101rds*\" value=\"\" type=\"text\" name=\"career-name\" \/><\/span>\n\t\t<\/p>\n\t<\/div>\n\t<div class=\"col-md-6\">\n\t\t<p><span class=\"wpcf7-form-control-wrap\" data-name=\"career-name\"><input size=\"40\" maxlength=\"400\" class=\"wpcf7-form-control wpcf7-text wpcf7-validates-as-required\" aria-required=\"true\" aria-invalid=\"false\" placeholder=\"Uzv\u0101rds*\" value=\"\" type=\"text\" name=\"career-name\" \/><\/span>\n\t\t<\/p>\n\t<\/div>\n<\/div>\n<div class=\"row\">\n\t<div class=\"col-12\">\n\t\t<p><span class=\"wpcf7-form-control-wrap\" data-name=\"career-email\"><input size=\"40\" maxlength=\"400\" class=\"wpcf7-form-control wpcf7-email wpcf7-validates-as-required wpcf7-text wpcf7-validates-as-email\" aria-required=\"true\" aria-invalid=\"false\" placeholder=\"Email*\" value=\"\" type=\"email\" name=\"career-email\" \/><\/span>\n\t\t<\/p>\n\t<\/div>\n<\/div>\n<p class=\"wpcf7-form-control-wrap\"><span class=\"wpcf7-form-control-wrap\" data-name=\"textarea-815\"><textarea cols=\"40\" rows=\"10\" maxlength=\"2000\" class=\"wpcf7-form-control wpcf7-textarea art-textarea-height\" aria-invalid=\"false\" placeholder=\"Zi\u0146ojums*\" name=\"textarea-815\"><\/textarea><\/span>\n<\/p>\n<div class=\"art-form-button-wrap art-form-button-right\">\n\t<p><input class=\"wpcf7-form-control wpcf7-submit has-spinner art-button-primary\" type=\"submit\" value=\"Nos\u016bt\u012bt\" \/>\n\t<\/p>\n<\/div><div class=\"wpcf7-response-output\" aria-hidden=\"true\"><\/div>\n<\/form>\n<\/div>\n<\/div>\n\t\t\t\t\t\t<\/div>\n\t\t\t\t<\/div>\n\t\t\t\t\t<\/div>\n\t\t<\/div>\n\t\t\t\t\t<\/div>\n\t\t<\/section>\n\t\t\t\t<\/div>\n\t\t","protected":false},"excerpt":{"rendered":"<p>Es str\u0101d\u0101ju ar jaut\u0101jumiem un izaicin\u0101jumiem, kas rodas noz\u012bm\u012bgu dz\u012bves notikumu un p\u0101rmai\u0146u rezult\u0101t\u0101. Tie ietver t\u0101dus jaut\u0101jumus k\u0101 j\u0113gas zaud\u0113\u0161ana, trauksme, stress, depresija, dusmas, attiec\u012bbu gr\u016bt\u012bbas un pa\u0161cie\u0146as un pa\u0161v\u0113rt\u0113juma probl\u0113mas. Es pal\u012bdzu klientiem risin\u0101t sare\u017e\u0123\u012btas \u0123imenes attiec\u012bbas, partnerattiec\u012bbu gr\u016bt\u012bbas un attiec\u012bbu izjuk\u0161anu, person\u012bg\u0101s gr\u016bt\u012bbas atrast \u201cstabil\u0101ku\u201d dz\u012bvi, k\u0101 ar\u012b konfliktus un trauksmi, kas&#8230;<\/p>\n","protected":false},"author":1,"featured_media":5917,"parent":6642,"menu_order":0,"comment_status":"closed","ping_status":"closed","template":"","meta":{"_acf_changed":false,"inline_featured_image":false,"_monsterinsights_skip_tracking":false,"_monsterinsights_sitenote_active":false,"_monsterinsights_sitenote_note":"","_monsterinsights_sitenote_category":0,"episode_type":"","audio_file":"","cover_image":"","cover_image_id":"","duration":"","filesize":"","date_recorded":"","explicit":"","block":"","itunes_episode_number":"","itunes_title":"","itunes_season_number":"","itunes_episode_type":"","filesize_raw":"","footnotes":""},"tags":[642,385,688,658,661,498,623,668,73,399,382,686,628,410,638,383,371,643,672,689,400,691,682,381,687,379,683,685,684,375,690],"class_list":["post-6772","page","type-page","status-publish","has-post-thumbnail","hentry","tag-attiecibu-krizes-risinajumi-ar-psihologu","tag-attiecibu-problemas","tag-cik-maksa-psihoterapija","tag-eksistenciala-fenomenologiska-pieeja-psihoterapijai","tag-eksistenciala-psihologija","tag-eksistenciala-psihoterapija","tag-eksistenciala-psihoterapija-riga","tag-eksistenciala-terapija-un-psihodinamiska-pieeja","tag-existential-psychotherapy","tag-filozofijas-attistiba-no-platona-un-aristotela-lidz-maksligajam-intelektam","tag-gimenes-un-paru-psihoterapija","tag-individuala-psihoterapija-50-min-klatiene-tiessaiste-e-40","tag-ka-atrast-labu-psihoterapeitu-riga","tag-ka-filozofija-palidz-izprast-realitati","tag-ka-parvaret-depresiju-ar-psihoterapeita-palidzibu","tag-kas-ir-psihoterapija","tag-konsultacijas-pie-psihologa-riga","tag-kvalificets-psihoterapeits-riga","tag-labakais-psihologs-eksistencialaja-terapija-riga","tag-miega-traucejumu-terapija","tag-musdienu-filozofija-un-tas-saistiba-ar-maksligo-intelektu-un-digitalo-realitati","tag-obsesivi-kompulsivie-traucejumi","tag-par","tag-para-psihoterapija","tag-paru-psihoterapija-75-min-klatiene-tiessaiste-e-60","tag-psihologs-riga-un-latvi","tag-psihologu-konsultacijas","tag-psihoterapija-ar-pieejamu-cenu","tag-psihoterapija-un-paru-terapija-riga","tag-tiessaistes-psihologs-latvija","tag-vegetativa-distonija"],"acf":[],"aioseo_notices":[],"_links":{"self":[{"href":"https:\/\/maxkarlin.com\/lv\/wp-json\/wp\/v2\/pages\/6772","targetHints":{"allow":["GET"]}}],"collection":[{"href":"https:\/\/maxkarlin.com\/lv\/wp-json\/wp\/v2\/pages"}],"about":[{"href":"https:\/\/maxkarlin.com\/lv\/wp-json\/wp\/v2\/types\/page"}],"author":[{"embeddable":true,"href":"https:\/\/maxkarlin.com\/lv\/wp-json\/wp\/v2\/users\/1"}],"replies":[{"embeddable":true,"href":"https:\/\/maxkarlin.com\/lv\/wp-json\/wp\/v2\/comments?post=6772"}],"version-history":[{"count":28,"href":"https:\/\/maxkarlin.com\/lv\/wp-json\/wp\/v2\/pages\/6772\/revisions"}],"predecessor-version":[{"id":6812,"href":"https:\/\/maxkarlin.com\/lv\/wp-json\/wp\/v2\/pages\/6772\/revisions\/6812"}],"up":[{"embeddable":true,"href":"https:\/\/maxkarlin.com\/lv\/wp-json\/wp\/v2\/pages\/6642"}],"wp:featuredmedia":[{"embeddable":true,"href":"https:\/\/maxkarlin.com\/lv\/wp-json\/wp\/v2\/media\/5917"}],"wp:attachment":[{"href":"https:\/\/maxkarlin.com\/lv\/wp-json\/wp\/v2\/media?parent=6772"}],"wp:term":[{"taxonomy":"post_tag","embeddable":true,"href":"https:\/\/maxkarlin.com\/lv\/wp-json\/wp\/v2\/tags?post=6772"}],"curies":[{"name":"wp","href":"https:\/\/api.w.org\/{rel}","templated":true}]}}